{"id":33,"date":"2023-11-29T16:22:19","date_gmt":"2023-11-29T15:22:19","guid":{"rendered":"https:\/\/serwer2372815.home.pl\/?page_id=33"},"modified":"2023-12-23T21:36:32","modified_gmt":"2023-12-23T20:36:32","slug":"produkty","status":"publish","type":"page","link":"https:\/\/aramhuvis.eu\/en\/produkty\/","title":{"rendered":"Products"},"content":{"rendered":"<div class='breakdance'><section class=\"bde-section-33-100 bde-section\">\n  \n\t\n\n\n\n<div class=\"section-container\"><h1 class=\"bde-heading-33-101 bde-heading\">\nDiagnostic devices\n<\/h1><div class=\"bde-text-33-141 bde-text\">\nGet to know our line of innovative devices that will allow you to precisely assess the condition of your hair, scalp and skin.<br><br>The ability to observe the skin surface at high magnification and under appropriate lighting allows you to detect even minor dysfunctions and changes invisible to the naked eye. The diagnostic skin examination devices we offer are characterized by high quality, guaranteed by the Aram Huvis brand.\n<\/div><div id=\"grid\" class=\"bde-grid-33-103 bde-grid\">\n  \n\t\n\n\n\n<div class=\"bde-div-33-104 bde-div\">\n  \n\t\n\n\n\n<div class=\"bde-image-33-105 bde-image\">\n  \n\n\n\n\n\n<figure class=\"breakdance-image breakdance-image--7160\">\n\t<div class=\"breakdance-image-container\">\n\t\t<div class=\"breakdance-image-clip\">\n\t\t\t\t\t\t<a class=\"breakdance-image-link breakdance-image-link--url\" href=\"https:\/\/aramhuvis.eu\/en\/produkty\/analizator-asm\/\" target=\"_self\" rel=\"noopener\" data-sub-html=\"\" data-lg-size=\"800-320\">\n\t\t\t\t\n\t\t\t\t\n\t\t\t\t\t      \n  \n  \n  \n  \n      \n      <img decoding=\"async\"\n      class=\"breakdance-image-object\"\n      src=\"https:\/\/aramhuvis.eu\/wp-content\/uploads\/product-asm.jpg\"\n      width=\"800\"\n      height=\"756\"\n      alt=\"Analizator ASM\"\n      loading=\"lazy\"\n                                    srcset=\"https:\/\/aramhuvis.eu\/wp-content\/uploads\/product-asm.jpg 800w, https:\/\/aramhuvis.eu\/wp-content\/uploads\/product-asm-300x284.jpg 300w, https:\/\/aramhuvis.eu\/wp-content\/uploads\/product-asm-13x12.jpg 13w\"\n                                                                      >\n  \n\n\t\t\t\t\t\n\t\t\t\t\t\t\t<\/a>\n\t\t\t\t\t<\/div>\n\t<\/div>\n\n\t<\/figure>\n\n<\/div><a class=\"bde-text-link-33-110 bde-text-link breakdance-link\" href=\"http:\/\/localhost:8080\/aramhuvis\/index.php\/produkty\/analizator-asm\/\" target=\"_self\" data-type=\"url\">\n  <h3 >\n  ASM\n  <\/h3>\n\n<\/a><div class=\"bde-text-33-106 bde-text\">\nLorem ipsum dolor sit amet\n<\/div>\n<\/div><div class=\"bde-div-33-137 bde-div\">\n  \n\t\n\n\n\n<div class=\"bde-image-33-138 bde-image\">\n  \n\n\n\n\n\n<figure class=\"breakdance-image breakdance-image--7159\">\n\t<div class=\"breakdance-image-container\">\n\t\t<div class=\"breakdance-image-clip\">\n\t\t\t\t\t\t<a class=\"breakdance-image-link breakdance-image-link--url\" href=\"https:\/\/aramhuvis.eu\/en\/produkty\/analizator-apm-pro\/\" target=\"_self\" rel=\"noopener\" data-sub-html=\"\" data-lg-size=\"800-320\">\n\t\t\t\t\n\t\t\t\t\n\t\t\t\t\t      \n  \n  \n  \n  \n      \n      <img decoding=\"async\"\n      class=\"breakdance-image-object\"\n      src=\"https:\/\/aramhuvis.eu\/wp-content\/uploads\/product-apm-pro.jpg\"\n      width=\"800\"\n      height=\"756\"\n      alt=\"Analizator APM Pro\"\n      loading=\"lazy\"\n                                    srcset=\"https:\/\/aramhuvis.eu\/wp-content\/uploads\/product-apm-pro.jpg 800w, https:\/\/aramhuvis.eu\/wp-content\/uploads\/product-apm-pro-300x284.jpg 300w, https:\/\/aramhuvis.eu\/wp-content\/uploads\/product-apm-pro-13x12.jpg 13w\"\n                                                                      >\n  \n\n\t\t\t\t\t\n\t\t\t\t\t\t\t<\/a>\n\t\t\t\t\t<\/div>\n\t<\/div>\n\n\t<\/figure>\n\n<\/div><a class=\"bde-text-link-33-139 bde-text-link breakdance-link\" href=\"http:\/\/localhost:8080\/aramhuvis\/index.php\/produkty\/analizator-apm-pro\/\" target=\"_self\" data-type=\"url\">\n  <h3 >\n  APM PRO\n  <\/h3>\n\n<\/a>\n<\/div><div class=\"bde-div-33-133 bde-div\">\n  \n\t\n\n\n\n<div class=\"bde-image-33-134 bde-image\">\n  \n\n\n\n\n\n<figure class=\"breakdance-image breakdance-image--7083\">\n\t<div class=\"breakdance-image-container\">\n\t\t<div class=\"breakdance-image-clip\">\n\t\t\t\t\t\t<a class=\"breakdance-image-link breakdance-image-link--url\" href=\"https:\/\/aramhuvis.eu\/en\/produkty\/analizator-asn-2\/\" target=\"_self\" rel=\"noopener\" data-sub-html=\"\" data-lg-size=\"800-320\">\n\t\t\t\t\n\t\t\t\t\n\t\t\t\t\t      \n  \n  \n  \n  \n      \n      <img decoding=\"async\"\n      class=\"breakdance-image-object\"\n      src=\"https:\/\/aramhuvis.eu\/wp-content\/uploads\/prouct-asn_2.jpg\"\n      width=\"800\"\n      height=\"756\"\n      alt=\"Analizator ASN 2\"\n      loading=\"lazy\"\n                                    srcset=\"https:\/\/aramhuvis.eu\/wp-content\/uploads\/prouct-asn_2.jpg 800w, https:\/\/aramhuvis.eu\/wp-content\/uploads\/prouct-asn_2-300x284.jpg 300w, https:\/\/aramhuvis.eu\/wp-content\/uploads\/prouct-asn_2-13x12.jpg 13w\"\n                                                                      >\n  \n\n\t\t\t\t\t\n\t\t\t\t\t\t\t<\/a>\n\t\t\t\t\t<\/div>\n\t<\/div>\n\n\t<\/figure>\n\n<\/div><a class=\"bde-text-link-33-135 bde-text-link breakdance-link\" href=\"http:\/\/localhost:8080\/aramhuvis\/index.php\/produkty\/analizator-asn-2\/\" target=\"_self\" data-type=\"url\">\n  <h3 >\n  ASN 2\n  <\/h3>\n\n<\/a>\n<\/div><div class=\"bde-div-33-129 bde-div\">\n  \n\t\n\n\n\n<div class=\"bde-image-33-130 bde-image\">\n  \n\n\n\n\n\n<figure class=\"breakdance-image breakdance-image--7163\">\n\t<div class=\"breakdance-image-container\">\n\t\t<div class=\"breakdance-image-clip\">\n\t\t\t\t\t\t<a class=\"breakdance-image-link breakdance-image-link--url\" href=\"https:\/\/aramhuvis.eu\/en\/produkty\/analizator-api\/\" target=\"_self\" rel=\"noopener\" data-sub-html=\"\" data-lg-size=\"800-320\">\n\t\t\t\t\n\t\t\t\t\n\t\t\t\t\t      \n  \n  \n  \n  \n      \n      <img decoding=\"async\"\n      class=\"breakdance-image-object\"\n      src=\"https:\/\/aramhuvis.eu\/wp-content\/uploads\/product-api_100-1.jpg\"\n      width=\"800\"\n      height=\"756\"\n      alt=\"Analizator API\"\n      loading=\"lazy\"\n                                    srcset=\"https:\/\/aramhuvis.eu\/wp-content\/uploads\/product-api_100-1.jpg 800w, https:\/\/aramhuvis.eu\/wp-content\/uploads\/product-api_100-1-300x284.jpg 300w, https:\/\/aramhuvis.eu\/wp-content\/uploads\/product-api_100-1-13x12.jpg 13w\"\n                                                                      >\n  \n\n\t\t\t\t\t\n\t\t\t\t\t\t\t<\/a>\n\t\t\t\t\t<\/div>\n\t<\/div>\n\n\t<\/figure>\n\n<\/div><a class=\"bde-text-link-33-131 bde-text-link breakdance-link\" href=\"http:\/\/localhost:8080\/aramhuvis\/index.php\/produkty\/analizator-api\/\" target=\"_self\" data-type=\"url\">\n  <h3 >\n  API\n  <\/h3>\n\n<\/a>\n<\/div><div class=\"bde-div-33-125 bde-div\">\n  \n\t\n\n\n\n<div class=\"bde-image-33-126 bde-image\">\n  \n\n\n\n\n\n<figure class=\"breakdance-image breakdance-image--7161\">\n\t<div class=\"breakdance-image-container\">\n\t\t<div class=\"breakdance-image-clip\">\n\t\t\t\t\t\t<a class=\"breakdance-image-link breakdance-image-link--url\" href=\"https:\/\/aramhuvis.eu\/en\/produkty\/analizator-asw\/\" target=\"_self\" rel=\"noopener\" data-sub-html=\"\" data-lg-size=\"800-320\">\n\t\t\t\t\n\t\t\t\t\n\t\t\t\t\t      \n  \n  \n  \n  \n      \n      <img decoding=\"async\"\n      class=\"breakdance-image-object\"\n      src=\"https:\/\/aramhuvis.eu\/wp-content\/uploads\/product-asw.jpg\"\n      width=\"800\"\n      height=\"756\"\n      alt=\"Analizator ASW\"\n      loading=\"lazy\"\n                                    srcset=\"https:\/\/aramhuvis.eu\/wp-content\/uploads\/product-asw.jpg 800w, https:\/\/aramhuvis.eu\/wp-content\/uploads\/product-asw-300x284.jpg 300w, https:\/\/aramhuvis.eu\/wp-content\/uploads\/product-asw-13x12.jpg 13w\"\n                                                                      >\n  \n\n\t\t\t\t\t\n\t\t\t\t\t\t\t<\/a>\n\t\t\t\t\t<\/div>\n\t<\/div>\n\n\t<\/figure>\n\n<\/div><a class=\"bde-text-link-33-127 bde-text-link breakdance-link\" href=\"http:\/\/localhost:8080\/aramhuvis\/index.php\/produkty\/analizator-asw\/\" target=\"_self\" data-type=\"url\">\n  <h3 >\n  ASW\n  <\/h3>\n\n<\/a>\n<\/div><div class=\"bde-div-33-121 bde-div\">\n  \n\t\n\n\n\n<div class=\"bde-image-33-122 bde-image\">\n  \n\n\n\n\n\n<figure class=\"breakdance-image breakdance-image--7084\">\n\t<div class=\"breakdance-image-container\">\n\t\t<div class=\"breakdance-image-clip\">\n\t\t\t\t\t\t<a class=\"breakdance-image-link breakdance-image-link--url\" href=\"https:\/\/aramhuvis.eu\/en\/produkty\/analizator-ai-scalpgrader\/\" target=\"_self\" rel=\"noopener\" data-sub-html=\"\" data-lg-size=\"800-320\">\n\t\t\t\t\n\t\t\t\t\n\t\t\t\t\t      \n  \n  \n  \n  \n      \n      <img decoding=\"async\"\n      class=\"breakdance-image-object\"\n      src=\"https:\/\/aramhuvis.eu\/wp-content\/uploads\/product-aisg.jpg\"\n      width=\"800\"\n      height=\"756\"\n      alt=\"Analizator AI-ScalpGrader\"\n      loading=\"lazy\"\n                                    srcset=\"https:\/\/aramhuvis.eu\/wp-content\/uploads\/product-aisg.jpg 800w, https:\/\/aramhuvis.eu\/wp-content\/uploads\/product-aisg-300x284.jpg 300w, https:\/\/aramhuvis.eu\/wp-content\/uploads\/product-aisg-13x12.jpg 13w\"\n                                                                      >\n  \n\n\t\t\t\t\t\n\t\t\t\t\t\t\t<\/a>\n\t\t\t\t\t<\/div>\n\t<\/div>\n\n\t<\/figure>\n\n<\/div><a class=\"bde-text-link-33-123 bde-text-link breakdance-link\" href=\"http:\/\/localhost:8080\/aramhuvis\/index.php\/produkty\/analizator-ai-scalpgrader\/\" target=\"_self\" data-type=\"url\">\n  <h3 >\n  AI-ScalpGrader\n  <\/h3>\n\n<\/a>\n<\/div>\n<\/div><div class=\"bde-columns-33-142 bde-columns\"><div class=\"bde-column-33-143 bde-column\">\n  \n\t\n\n\n\n<div class=\"bde-icon-33-145 bde-icon\">\n\n    \n            <div class=\"bde-icon-icon breakdance-icon-atom\" >\n    \n                    <svg xmlns=\"http:\/\/www.w3.org\/2000\/svg\" viewbox=\"0 0 352 512\"><!-- Font Awesome Free 5.15.1 by @fontawesome - https:\/\/fontawesome.com License - https:\/\/fontawesome.com\/license\/free (Icons: CC BY 4.0, Fonts: SIL OFL 1.1, Code: MIT License) --><path d=\"M176 80c-52.94 0-96 43.06-96 96 0 8.84 7.16 16 16 16s16-7.16 16-16c0-35.3 28.72-64 64-64 8.84 0 16-7.16 16-16s-7.16-16-16-16zM96.06 459.17c0 3.15.93 6.22 2.68 8.84l24.51 36.84c2.97 4.46 7.97 7.14 13.32 7.14h78.85c5.36 0 10.36-2.68 13.32-7.14l24.51-36.84c1.74-2.62 2.67-5.7 2.68-8.84l.05-43.18H96.02l.04 43.18zM176 0C73.72 0 0 82.97 0 176c0 44.37 16.45 84.85 43.56 115.78 16.64 18.99 42.74 58.8 52.42 92.16v.06h48v-.12c-.01-4.77-.72-9.51-2.15-14.07-5.59-17.81-22.82-64.77-62.17-109.67-20.54-23.43-31.52-53.15-31.61-84.14-.2-73.64 59.67-128 127.95-128 70.58 0 128 57.42 128 128 0 30.97-11.24 60.85-31.65 84.14-39.11 44.61-56.42 91.47-62.1 109.46a47.507 47.507 0 0 0-2.22 14.3v.1h48v-.05c9.68-33.37 35.78-73.18 52.42-92.16C335.55 260.85 352 220.37 352 176 352 78.8 273.2 0 176 0z\"\/><\/svg>\n        \n        \n        \n            <\/div>\n    \n\n\n<\/div>\n<\/div><div class=\"bde-column-33-144 bde-column\">\n  \n\t\n\n\n\n<div class=\"bde-text-33-102 bde-text\">\nDiagnostic devices for skin and hair analysis are an effective tool supporting the work of the cosmetics industry, trichologists, beauticians, hairdressers and dermatologists on a global scale. They are also valuable for pharmacy owners who want to offer additional services to their customers. This is an excellent way to develop your business and adapt it to modern 21st century standards.\n<\/div>\n<\/div><\/div><\/div>\n<\/section><section id=\"faq\" class=\"bde-section-33-184 bde-section\">\n  \n\t\n\n\n\n<div class=\"section-container\"><h2 class=\"bde-heading-33-185 bde-heading\">\nFAQ\n<\/h2><div class=\"bde-text-33-186 bde-text\">\nFrequently Asked Questions\n<\/div><div class=\"bde-accordion-33-187 bde-accordion\"><div class=\"bde-accordion__content-wrapper-33-188 bde-accordion__content-wrapper\">\n<h3 class=\"bde-accordion__title-tag\">\n  <button type=\"button\" class=\"bde-accordion__button\" id=\"accordion-button-188\" aria-controls=\"accordion-panel-188\" aria-expanded=\"false\">\n     <span class=\"bde-accordion__title\" >How to choose the best model?<\/span>\n     <span class=\"bde-accordion__icon bde-accordion__icon--default\"><\/span>\n     <span class=\"bde-accordion__icon bde-accordion__icon--active\"><\/span>\n  <\/button>\n<\/h3>\n\n<div role=\"region\" class=\"bde-accordion__panel\" id=\"accordion-panel-188\" aria-labelledby=\"accordion-button-188\" hidden>\n   <div class=\"bde-text-33-169 bde-text\">\nIf you want to work with a computer, choose devices from the <a href=\"https:\/\/aramhuvis.eu\/en\/produkty\/analizator-asw\/\" target=\"_blank\"><b>ASW<\/b><\/a>, <a href=\"https:\/\/aramhuvis.eu\/en\/produkty\/analizator-api\/\" target=\"_blank\"><b>API<\/b><\/a>, <b>ASL<\/b>\u00a0series that require it for cooperation.\n<\/div><div class=\"bde-text-33-170 bde-text\">\nCameras from <a href=\"https:\/\/aramhuvis.eu\/en\/produkty\/analizator-asm\/\" target=\"_blank\"><b>ASM<\/b><\/a>, <a href=\"https:\/\/aramhuvis.eu\/en\/produkty\/analizator-apm-pro\/\" target=\"_blank\"><b>APM<\/b><\/a>, <a href=\"https:\/\/aramhuvis.eu\/en\/produkty\/analizator-asn-2\/\" target=\"_blank\"><b>ASN<\/b><\/a>, <a href=\"https:\/\/aramhuvis.eu\/en\/produkty\/analizator-ai-scalpgrader\/\" target=\"_blank\"><b>AI SG<\/b><\/a>\u00a0series have their own screen and software, so they do not require a computer.\n<\/div><div class=\"bde-text-33-172 bde-text\">\nTip: for the customer's convenience, a computer, tablet or phone can be used to show a duplicate examination image in parallel on a larger screen.\n<\/div>\n<\/div>\n\n\n\n<\/div><div class=\"bde-accordion__content-wrapper-33-192 bde-accordion__content-wrapper\">\n<h3 class=\"bde-accordion__title-tag\">\n  <button type=\"button\" class=\"bde-accordion__button\" id=\"accordion-button-192\" aria-controls=\"accordion-panel-192\" aria-expanded=\"false\">\n     <span class=\"bde-accordion__title\" >Camera lenses<\/span>\n     <span class=\"bde-accordion__icon bde-accordion__icon--default\"><\/span>\n     <span class=\"bde-accordion__icon bde-accordion__icon--active\"><\/span>\n  <\/button>\n<\/h3>\n\n<div role=\"region\" class=\"bde-accordion__panel\" id=\"accordion-panel-192\" aria-labelledby=\"accordion-button-192\" hidden>\n   <div class=\"bde-text-33-180 bde-text\">\nSimple cameras have non-interchangeable lenses and are used to analyze only the face or only hair. <br>Universal cameras have interchangeable lenses.\n<\/div><div class=\"bde-columns-33-249 bde-columns\"><div class=\"bde-column-33-250 bde-column\">\n  \n\t\n\n\n\n<div class=\"bde-text-33-181 bde-text\">\nLens magnifications:<br>- X30 (for facial skin)<br>- X60, x200, x500 (for scalp and hair)\n<\/div>\n<\/div><div class=\"bde-column-33-251 bde-column\">\n  \n\t\n\n\n\n<div class=\"bde-text-33-182 bde-text\">\nLighting:<br>- Distributed (NL)<br>- Polarized (PL)<br>- Ultraviolet (UV)\n<\/div>\n<\/div><\/div><div class=\"bde-text-33-183 bde-text\">\nMost lenses are equipped with an Auto Focus (AF) function that makes it easier to take a photo with good focus. The descriptions of individual cameras contain detailed technical data about the lenses.\n<\/div>\n<\/div>\n\n\n\n<\/div>\r\n\r\n<\/div><\/div>\n<\/section><section class=\"bde-section-33-166 bde-section\">\n  \n\t\n\n\n\n<div class=\"section-container\"><div class=\"bde-video-33-168 bde-video\">\n<div class=\"ee-video-container\">\n            <video class=\"ee-video\" src=\"https:\/\/serwer2372815.home.pl\/wp-content\/uploads\/aram-huvis-video-190208-v2.mp4\"\n                                               poster='\/wp-content\/uploads\/aram-huvis-video-190208-v2.jpg'                loop='true'                muted='true'                controlslist=\"nodownload\"                playsinline\n>\n        <\/video>\n    \n    <\/div>\n\n<\/div><\/div>\n<\/section><section class=\"bde-section-33-164 bde-section\">\n  \n\t\n\n\n\n<div class=\"section-container\"><div class=\"bde-shortcode-33-252 bde-shortcode\">\n<div class=\"custom_code_block\"><style>  #grid h3 {    font-family: \"Montserrat\", sans-serif;  font-weight: 800;}\/* Links *\/.bde-grid .bde-image + a {  margin-top: 15px;  color: inherit;  text-decoration: none;}.bde-grid .bde-image + a:hover {  color: var(--color-accent);  text-decoration: underline;}\/* Images *\/.breakdance-image-link:after {  content: \"Zobacz\";  background: rgb(0,0,0,.5);  color: white;  font-weight: 600;  position: absolute;  display: flex;  justify-content: center;  align-items: center;  top: 0;  width: 100%;  aspect-ratio: 327\/309;  transition: opacity 300ms;  opacity: 0;  font-size: 1.4rem;  text-shadow: 0 3px 30px rgb(0,0,0,.5)}.breakdance-image-link:hover:after {  opacity: 1;  cursor: pointer;}video { cursor: pointer }<\/style><script>  function showControls() {    videoEl.setAttribute('controls', 'controls');  };  function hideControls() {    videoEl.removeAttribute('controls');  }  var videoEl = document.querySelector('video.ee-video');  videoEl.setAttribute('onmouseover', 'showControls()');  videoEl.setAttribute('onmouseout', 'hideControls()'); <\/script><\/div>\n<\/div><\/div>\n<\/section><\/div>","protected":false},"excerpt":{"rendered":"<p>Aparaty diagnostyczne Poznaj lini\u0119 naszych innowacyjnych aparat\u00f3w, dzi\u0119ki kt\u00f3rym precyzyjnie ocenisz kondycj\u0119 w\u0142os\u00f3w oraz sk\u00f3ry g\u0142owy i cery.Mo\u017cliwo\u015b\u0107 obserwacji powierzchni sk\u00f3ry w du\u017cym powi\u0119kszeniu oraz pod odpowiednim o\u015bwietleniem pozwalaj\u0105 wykrywa\u0107 nawet niewielkie dysfunkcje i zmiany niewidoczne go\u0142ym okiem. Oferowane przez nas aparaty diagnostyczne do badania sk\u00f3ry charakteryzuj\u0105 si\u0119 wysok\u0105 jako\u015bci\u0105, kt\u00f3rej gwarancj\u0105 jest marka Aram &hellip; <\/p>\n<p class=\"link-more\"><a href=\"https:\/\/aramhuvis.eu\/en\/produkty\/\" class=\"more-link\">Read more<span class=\"screen-reader-text\"> &#8220;Produkty&#8221;<\/span><\/a><\/p>","protected":false},"author":1,"featured_media":0,"parent":0,"menu_order":0,"comment_status":"closed","ping_status":"closed","template":"page-templates\/no-title.php","meta":{"_breakdance_hide_in_design_set":false,"_breakdance_tags":"","footnotes":""},"acf":[],"yoast_head":"<title>Nowoczesne aparaty do diagnostyki sk\u00f3ry i w\u0142os\u00f3w - ARAM HUVIS<\/title>\n<meta name=\"description\" content=\"Odkryj nasz\u0105 gam\u0119 urz\u0105dze\u0144 do diagnostyki sk\u00f3ry i w\u0142os\u00f3w \u2013 idealne dla specjalist\u00f3w z bran\u017cy kosmetycznej i medycznej\" \/>\n<meta name=\"robots\" content=\"index, follow, max-snippet:-1, max-image-preview:large, max-video-preview:-1\" \/>\n<link rel=\"canonical\" href=\"https:\/\/aramhuvis.eu\/en\/produkty\/\" \/>\n<meta property=\"og:locale\" content=\"en_GB\" \/>\n<meta property=\"og:type\" content=\"article\" \/>\n<meta property=\"og:title\" content=\"Nowoczesne aparaty do diagnostyki sk\u00f3ry i w\u0142os\u00f3w - ARAM HUVIS\" \/>\n<meta property=\"og:description\" content=\"Odkryj nasz\u0105 gam\u0119 urz\u0105dze\u0144 do diagnostyki sk\u00f3ry i w\u0142os\u00f3w \u2013 idealne dla specjalist\u00f3w z bran\u017cy kosmetycznej i medycznej\" \/>\n<meta property=\"og:url\" content=\"https:\/\/aramhuvis.eu\/en\/produkty\/\" \/>\n<meta property=\"og:site_name\" content=\"ARAM HUVIS\" \/>\n<meta property=\"article:modified_time\" content=\"2023-12-23T20:36:32+00:00\" \/>\n<meta property=\"og:image\" content=\"https:\/\/aramhuvis.eu\/wp-content\/uploads\/site-image.png\" \/>\n\t<meta property=\"og:image:width\" content=\"1200\" \/>\n\t<meta property=\"og:image:height\" content=\"675\" \/>\n\t<meta property=\"og:image:type\" content=\"image\/png\" \/>\n<meta name=\"twitter:card\" content=\"summary_large_image\" \/>\n<meta name=\"twitter:label1\" content=\"Estimated reading time\" \/>\n\t<meta name=\"twitter:data1\" content=\"3 minutes\" \/>\n<script type=\"application\/ld+json\" class=\"yoast-schema-graph\">{\"@context\":\"https:\/\/schema.org\",\"@graph\":[{\"@type\":\"WebPage\",\"@id\":\"https:\/\/aramhuvis.eu\/produkty\/\",\"url\":\"https:\/\/aramhuvis.eu\/produkty\/\",\"name\":\"Nowoczesne aparaty do diagnostyki sk\u00f3ry i w\u0142os\u00f3w - ARAM HUVIS\",\"isPartOf\":{\"@id\":\"https:\/\/aramhuvis.eu\/#website\"},\"datePublished\":\"2023-11-29T15:22:19+00:00\",\"dateModified\":\"2023-12-23T20:36:32+00:00\",\"description\":\"Odkryj nasz\u0105 gam\u0119 urz\u0105dze\u0144 do diagnostyki sk\u00f3ry i w\u0142os\u00f3w \u2013 idealne dla specjalist\u00f3w z bran\u017cy kosmetycznej i medycznej\",\"breadcrumb\":{\"@id\":\"https:\/\/aramhuvis.eu\/produkty\/#breadcrumb\"},\"inLanguage\":\"en-GB\",\"potentialAction\":[{\"@type\":\"ReadAction\",\"target\":[\"https:\/\/aramhuvis.eu\/produkty\/\"]}]},{\"@type\":\"BreadcrumbList\",\"@id\":\"https:\/\/aramhuvis.eu\/produkty\/#breadcrumb\",\"itemListElement\":[{\"@type\":\"ListItem\",\"position\":1,\"name\":\"Home\",\"item\":\"https:\/\/aramhuvis.eu\/\"},{\"@type\":\"ListItem\",\"position\":2,\"name\":\"Produkty\"}]},{\"@type\":\"WebSite\",\"@id\":\"https:\/\/aramhuvis.eu\/#website\",\"url\":\"https:\/\/aramhuvis.eu\/\",\"name\":\"ARAM HUVIS\",\"description\":\"Profesjonalne aparaty do diagnostyki sk\u00f3ry i w\u0142os\u00f3w\",\"publisher\":{\"@id\":\"https:\/\/aramhuvis.eu\/#organization\"},\"alternateName\":\"ARAM HUVIS Polska\",\"potentialAction\":[{\"@type\":\"SearchAction\",\"target\":{\"@type\":\"EntryPoint\",\"urlTemplate\":\"https:\/\/aramhuvis.eu\/?s={search_term_string}\"},\"query-input\":\"required name=search_term_string\"}],\"inLanguage\":\"en-GB\"},{\"@type\":\"Organization\",\"@id\":\"https:\/\/aramhuvis.eu\/#organization\",\"name\":\"ARAM HUVIS Europe\",\"alternateName\":\"ARAM HUVIS Polska\",\"url\":\"https:\/\/aramhuvis.eu\/\",\"logo\":{\"@type\":\"ImageObject\",\"inLanguage\":\"en-GB\",\"@id\":\"https:\/\/aramhuvis.eu\/#\/schema\/logo\/image\/\",\"url\":\"https:\/\/aramhuvis.eu\/wp-content\/uploads\/2023\/11\/logo.png\",\"contentUrl\":\"https:\/\/aramhuvis.eu\/wp-content\/uploads\/2023\/11\/logo.png\",\"width\":2349,\"height\":275,\"caption\":\"ARAM HUVIS Europe\"},\"image\":{\"@id\":\"https:\/\/aramhuvis.eu\/#\/schema\/logo\/image\/\"}}]}<\/script>","yoast_head_json":{"title":"Nowoczesne aparaty do diagnostyki sk\u00f3ry i w\u0142os\u00f3w - ARAM HUVIS","description":"Odkryj nasz\u0105 gam\u0119 urz\u0105dze\u0144 do diagnostyki sk\u00f3ry i w\u0142os\u00f3w \u2013 idealne dla specjalist\u00f3w z bran\u017cy kosmetycznej i medycznej","robots":{"index":"index","follow":"follow","max-snippet":"max-snippet:-1","max-image-preview":"max-image-preview:large","max-video-preview":"max-video-preview:-1"},"canonical":"https:\/\/aramhuvis.eu\/en\/produkty\/","og_locale":"en_GB","og_type":"article","og_title":"Nowoczesne aparaty do diagnostyki sk\u00f3ry i w\u0142os\u00f3w - ARAM HUVIS","og_description":"Odkryj nasz\u0105 gam\u0119 urz\u0105dze\u0144 do diagnostyki sk\u00f3ry i w\u0142os\u00f3w \u2013 idealne dla specjalist\u00f3w z bran\u017cy kosmetycznej i medycznej","og_url":"https:\/\/aramhuvis.eu\/en\/produkty\/","og_site_name":"ARAM HUVIS","article_modified_time":"2023-12-23T20:36:32+00:00","og_image":[{"width":1200,"height":675,"url":"https:\/\/aramhuvis.eu\/wp-content\/uploads\/site-image.png","type":"image\/png"}],"twitter_card":"summary_large_image","twitter_misc":{"Estimated reading time":"3 minutes"},"schema":{"@context":"https:\/\/schema.org","@graph":[{"@type":"WebPage","@id":"https:\/\/aramhuvis.eu\/produkty\/","url":"https:\/\/aramhuvis.eu\/produkty\/","name":"Nowoczesne aparaty do diagnostyki sk\u00f3ry i w\u0142os\u00f3w - ARAM HUVIS","isPartOf":{"@id":"https:\/\/aramhuvis.eu\/#website"},"datePublished":"2023-11-29T15:22:19+00:00","dateModified":"2023-12-23T20:36:32+00:00","description":"Odkryj nasz\u0105 gam\u0119 urz\u0105dze\u0144 do diagnostyki sk\u00f3ry i w\u0142os\u00f3w \u2013 idealne dla specjalist\u00f3w z bran\u017cy kosmetycznej i medycznej","breadcrumb":{"@id":"https:\/\/aramhuvis.eu\/produkty\/#breadcrumb"},"inLanguage":"en-GB","potentialAction":[{"@type":"ReadAction","target":["https:\/\/aramhuvis.eu\/produkty\/"]}]},{"@type":"BreadcrumbList","@id":"https:\/\/aramhuvis.eu\/produkty\/#breadcrumb","itemListElement":[{"@type":"ListItem","position":1,"name":"Home","item":"https:\/\/aramhuvis.eu\/"},{"@type":"ListItem","position":2,"name":"Produkty"}]},{"@type":"WebSite","@id":"https:\/\/aramhuvis.eu\/#website","url":"https:\/\/aramhuvis.eu\/","name":"ARAM HUVIS","description":"Profesjonalne aparaty do diagnostyki sk\u00f3ry i w\u0142os\u00f3w","publisher":{"@id":"https:\/\/aramhuvis.eu\/#organization"},"alternateName":"ARAM HUVIS Polska","potentialAction":[{"@type":"SearchAction","target":{"@type":"EntryPoint","urlTemplate":"https:\/\/aramhuvis.eu\/?s={search_term_string}"},"query-input":"required name=search_term_string"}],"inLanguage":"en-GB"},{"@type":"Organization","@id":"https:\/\/aramhuvis.eu\/#organization","name":"ARAM HUVIS Europe","alternateName":"ARAM HUVIS Polska","url":"https:\/\/aramhuvis.eu\/","logo":{"@type":"ImageObject","inLanguage":"en-GB","@id":"https:\/\/aramhuvis.eu\/#\/schema\/logo\/image\/","url":"https:\/\/aramhuvis.eu\/wp-content\/uploads\/2023\/11\/logo.png","contentUrl":"https:\/\/aramhuvis.eu\/wp-content\/uploads\/2023\/11\/logo.png","width":2349,"height":275,"caption":"ARAM HUVIS Europe"},"image":{"@id":"https:\/\/aramhuvis.eu\/#\/schema\/logo\/image\/"}}]}},"_links":{"self":[{"href":"https:\/\/aramhuvis.eu\/en\/wp-json\/wp\/v2\/pages\/33"}],"collection":[{"href":"https:\/\/aramhuvis.eu\/en\/wp-json\/wp\/v2\/pages"}],"about":[{"href":"https:\/\/aramhuvis.eu\/en\/wp-json\/wp\/v2\/types\/page"}],"author":[{"embeddable":true,"href":"https:\/\/aramhuvis.eu\/en\/wp-json\/wp\/v2\/users\/1"}],"replies":[{"embeddable":true,"href":"https:\/\/aramhuvis.eu\/en\/wp-json\/wp\/v2\/comments?post=33"}],"version-history":[{"count":114,"href":"https:\/\/aramhuvis.eu\/en\/wp-json\/wp\/v2\/pages\/33\/revisions"}],"predecessor-version":[{"id":8040,"href":"https:\/\/aramhuvis.eu\/en\/wp-json\/wp\/v2\/pages\/33\/revisions\/8040"}],"wp:attachment":[{"href":"https:\/\/aramhuvis.eu\/en\/wp-json\/wp\/v2\/media?parent=33"}],"curies":[{"name":"wp","href":"https:\/\/api.w.org\/{rel}","templated":true}]}}